{"id":2,"date":"2013-12-17T11:25:22","date_gmt":"2013-12-17T11:25:22","guid":{"rendered":"http:\/\/www.leopoldloitfelder.com\/salon\/?page_id=2"},"modified":"2020-07-13T09:27:38","modified_gmt":"2020-07-13T09:27:38","slug":"sample-page","status":"publish","type":"page","link":"https:\/\/www.friseursalon-hoehenkirchen.de\/","title":{"rendered":"Willkommen bei Loitfelder"},"content":{"rendered":"<div class=\"row\" data-cols=\"1\"><div class=\"column\" data-col=\"1\"><p>Tradition und moderne Trends bestimmen seit Jahrzehnten den Stil der Loitfelder-Salons. So werden Sie auch k\u00fcnftig hier solide fachliche Leistung mit Top-Trends und wechselnden Angeboten finden \u2013 passend zur aktuellen Saison. Unsere Stylisten bilden sich regelm\u00e4\u00dfig in internationalen Workshops, Messen und Seminaren weiter um Ihnen stets die neuesten Trends aus der Fachwelt anbieten zu k\u00f6nnen. Vom Farb-\u00a0und Str\u00e4hnenspezialisten zum Fachmann f\u00fcr\u00a0 Schnitt und Umformung sorgen wir f\u00fcr eine umfassende pers\u00f6nliche Beratung und finden f\u00fcr Sie den perfekten Stil.<\/p>\n<hr \/>\n<p><span class=\"highlight\">SCHNITT PUR \u2013 UNSER RENNER<\/span><br \/>\nUnser perfekter Schnitt macht die Frisur \u2013 wir waschen, schneiden und f\u00f6hnen nur kurz trocken. Sie sehen gleich noch im Salon, wie Sie am Besten zurecht kommen und zum Abschlu\u00df wird der Haarschnitt im trockenen Haar personalisert.<\/p>\n<p>&nbsp;<\/p>\n<p><span class=\"highlight\"><img decoding=\"async\" loading=\"lazy\" class=\"alignleft size-full wp-image-310\" alt=\"home-farbe\" src=\"https:\/\/www.friseursalon-hoehenkirchen.de\/hhk\/wp-content\/uploads\/home-farbe.jpg\" width=\"170\" height=\"145\" \/>FARBE UND STR\u00c4HNEN \u2013 UNSERE KREATIVIT\u00c4T<\/span><br \/>\nVielf\u00e4ltige Anwendungstechniken und Farbspiele sind m\u00f6glich, denn fu\u0308r jeden Schnitt gibt\u2019s den besten Look mit der gezielt gearbeiteten Farbe.<br \/>\n&nbsp;<br \/>\n&nbsp;<\/p>\n<p><img decoding=\"async\" loading=\"lazy\" class=\"alignright size-full wp-image-45\" alt=\"home-langhaar\" src=\"https:\/\/www.friseursalon-hoehenkirchen.de\/hhk\/wp-content\/uploads\/home-langhaar.jpg\" width=\"170\" height=\"145\" \/><span class=\"highlight\">LANGHAAR STYLING \u2013 UNSERE HINGABE<\/span><br \/>\nLanghaarspezialistinnen in unserem Team ku\u0308mmern sich um die richtige Haarpflege fu\u0308r gesundes, gl\u00e4nzendes, sch\u00f6nes Haar. Ob zum Abi-Ball, Sommerfest oder zu Hochzeiten fertigen wir Steck- oder Flechtfrisuren, ghd-Locken oder seidig gl\u00e4nzend gegl\u00e4ttete Haare. Oder auch nur mal eine kleine Applikation als Z\u00f6pfchen oder L\u00f6ckchen.<\/p>\n<p>&nbsp;<\/p>\n<p><span class=\"highlight\">CHEMISCHE UMFORMUNG ODER GL\u00c4TTUNG \u2013 UNSER HIT<\/span><br \/>\nDie von uns verwendeten Produkte geben Ihrem Haar die Spannkraft, die es ben\u00f6tigt, um in weichen, gl\u00e4nzenden Locken zu fallen.<\/p>\n<p>&nbsp;<\/p>\n<p><img decoding=\"async\" loading=\"lazy\" class=\"alignleft size-full wp-image-80\" alt=\"home-maenner\" src=\"https:\/\/www.friseursalon-hoehenkirchen.de\/hhk\/wp-content\/uploads\/home-maenner.jpg\" width=\"170\" height=\"145\" \/><span class=\"highlight\">M\u00c4NNER \u2013 M\u00c4NNER \u2013 M\u00c4NNER<\/span><br \/>\nUnsere Stylistinnen haben durch regelm\u00e4\u00dfige Fortbildungen die neusten Trends f\u00fcr Sie bereit um den perfekten Haarschnitt zu erstellen.<br \/>\nZus\u00e4tzlich k\u00f6nnen Sie sich mit unserer Kopfmassagebehandlung verw\u00f6hnen lassen.<\/p>\n<p>&nbsp;<br \/>\n&nbsp;<br \/>\n&nbsp;<\/p>\n<p><span class=\"highlight\">JUGEND UND KIDS \u2013 UNSERE LIEBE<\/span><br \/>\nGu\u0308nstige Jugend- und Kinderpreise sollen auch unserer \u201enext generation\u201c einen modisch- und typgerechten Haarschnitt erm\u00f6glichen. Die Ideen dazu liefern wir!<\/p>\n<\/div><!--.column[data-col=\"1\"]--><\/div><!--.row[data-cols=\"1\"]-->\n","protected":false},"excerpt":{"rendered":"<p>Tradition und moderne Trends bestimmen seit Jahrzehnten den Stil der Loitfelder-Salons. So werden Sie auch k\u00fcnftig hier solide fachliche Leistung mit Top-Trends und wechselnden Angeboten finden \u2013 passend zur aktuellen Saison. Unsere Stylisten bilden sich regelm\u00e4\u00dfig in internationalen Workshops, Messen und Seminaren weiter um Ihnen stets die neuesten Trends aus der Fachwelt anbieten zu k\u00f6nnen. [&hellip;]<\/p>\n","protected":false},"author":1,"featured_media":0,"parent":0,"menu_order":0,"comment_status":"closed","ping_status":"closed","template":"","meta":[],"_links":{"self":[{"href":"https:\/\/www.friseursalon-hoehenkirchen.de\/index.php?rest_route=\/wp\/v2\/pages\/2"}],"collection":[{"href":"https:\/\/www.friseursalon-hoehenkirchen.de\/index.php?rest_route=\/wp\/v2\/pages"}],"about":[{"href":"https:\/\/www.friseursalon-hoehenkirchen.de\/index.php?rest_route=\/wp\/v2\/types\/page"}],"author":[{"embeddable":true,"href":"https:\/\/www.friseursalon-hoehenkirchen.de\/index.php?rest_route=\/wp\/v2\/users\/1"}],"replies":[{"embeddable":true,"href":"https:\/\/www.friseursalon-hoehenkirchen.de\/index.php?rest_route=%2Fwp%2Fv2%2Fcomments&post=2"}],"version-history":[{"count":69,"href":"https:\/\/www.friseursalon-hoehenkirchen.de\/index.php?rest_route=\/wp\/v2\/pages\/2\/revisions"}],"predecessor-version":[{"id":590,"href":"https:\/\/www.friseursalon-hoehenkirchen.de\/index.php?rest_route=\/wp\/v2\/pages\/2\/revisions\/590"}],"wp:attachment":[{"href":"https:\/\/www.friseursalon-hoehenkirchen.de\/index.php?rest_route=%2Fwp%2Fv2%2Fmedia&parent=2"}],"curies":[{"name":"wp","href":"https:\/\/api.w.org\/{rel}","templated":true}]}}